{"id":138,"date":"2017-03-13T15:21:36","date_gmt":"2017-03-13T15:21:36","guid":{"rendered":"http:\/\/demenagementandrebelair.com\/?page_id=138\/"},"modified":"2017-04-19T12:52:12","modified_gmt":"2017-04-19T12:52:12","slug":"residential","status":"publish","type":"page","link":"https:\/\/demenagementandrebelair.com\/en\/residential\/","title":{"rendered":"Residential"},"content":{"rendered":"<div class=\"wpb-content-wrapper\"><p>[vc_row css_animation=&#8221;&#8221; row_type=&#8221;row&#8221; use_row_as_full_screen_section=&#8221;no&#8221; type=&#8221;grid&#8221; angled_section=&#8221;no&#8221; text_align=&#8221;left&#8221; background_image_as_pattern=&#8221;without_pattern&#8221; padding_top=&#8221;40&#8243; padding_bottom=&#8221;20&#8243;][vc_column][vc_column_text]<\/p>\n<h2><strong>Your favorite Gatineau \/ Ottawa movers<\/strong><\/h2>\n<p>[\/vc_column_text][\/vc_column][\/vc_row][vc_row css_animation=&#8221;&#8221; row_type=&#8221;row&#8221; use_row_as_full_screen_section=&#8221;no&#8221; type=&#8221;grid&#8221; angled_section=&#8221;no&#8221; text_align=&#8221;left&#8221; background_image_as_pattern=&#8221;without_pattern&#8221; padding_bottom=&#8221;30&#8243;][vc_column width=&#8221;1\/2&#8243;][vc_column_text]<\/p>\n<p>Whether it\u2019s to move to the house next door or to the other side of the Gatineau or Outaouais region, D\u00e9m\u00e9nagement Andr\u00e9 B\u00e9lair is the solution. From planning to unpacking, our advisors will set up an efficient and customized action plan based on your needs and budget.<\/p>\n<p>During the moving process, our movers will take good care of your belongings and of the premises. To protect the floor and stairs railings, our experts will meticulously cover them. Besides, your furnitures will be carefully packed, carried, unpacked and placed at the intended place. All will be made with great care, without any loss of time and in order to satisfy you.<\/p>\n<p>The pricing of a local moving is by the hour.<\/p>\n<p>Fill up your <a href=\"\/?page_id=223\">quotation request<\/a> today.[\/vc_column_text][\/vc_column][vc_column width=&#8221;1\/2&#8243;][vc_single_image image=&#8221;391&#8243; img_size=&#8221;full&#8221; qode_css_animation=&#8221;&#8221;][\/vc_column][\/vc_row][vc_row css_animation=&#8221;&#8221; row_type=&#8221;row&#8221; use_row_as_full_screen_section=&#8221;no&#8221; type=&#8221;grid&#8221; angled_section=&#8221;no&#8221; text_align=&#8221;left&#8221; background_image_as_pattern=&#8221;without_pattern&#8221; el_id=&#8221;page-bottom&#8221;][vc_column width=&#8221;1\/3&#8243; el_class=&#8221;page-bottom-1&#8243;][vc_column_text]<\/p>\n<h3><a href=\"\/?page_id=223\">To Suit all budgets<\/a><\/h3>\n<p>[\/vc_column_text][\/vc_column][vc_column width=&#8221;1\/3&#8243; el_class=&#8221;page-bottom-2&#8243;][vc_column_text]<\/p>\n<h3><a href=\"\/?page_id=165\">Do you need Storage?<\/a><\/h3>\n<p>[\/vc_column_text][\/vc_column][vc_column width=&#8221;1\/3&#8243; el_class=&#8221;page-bottom-3&#8243;][vc_column_text]<\/p>\n<h3><a href=\"\/?page_id=196\">Long Distance<br \/>\nmoving<\/a><\/h3>\n<p>[\/vc_column_text][\/vc_column][\/vc_row]<\/p>\n<\/div>","protected":false},"excerpt":{"rendered":"<p>[vc_row css_animation=&#8221;&#8221; row_type=&#8221;row&#8221; use_row_as_full_screen_section=&#8221;no&#8221; type=&#8221;grid&#8221; angled_section=&#8221;no&#8221; text_align=&#8221;left&#8221; background_image_as_pattern=&#8221;without_pattern&#8221; padding_top=&#8221;40&#8243; padding_bottom=&#8221;20&#8243;][vc_column][vc_column_text] Your favorite Gatineau \/ Ottawa movers [\/vc_column_text][\/vc_column][\/vc_row][vc_row css_animation=&#8221;&#8221; row_type=&#8221;row&#8221; use_row_as_full_screen_section=&#8221;no&#8221; type=&#8221;grid&#8221; angled_section=&#8221;no&#8221; text_align=&#8221;left&#8221; background_image_as_pattern=&#8221;without_pattern&#8221; padding_bottom=&#8221;30&#8243;][vc_column width=&#8221;1\/2&#8243;][vc_column_text] Whether it\u2019s to move to the house next door or to the other side of the Gatineau or Outaouais&#8230;<\/p>\n","protected":false},"author":1,"featured_media":0,"parent":0,"menu_order":0,"comment_status":"closed","ping_status":"closed","template":"full_width.php","meta":{"_acf_changed":false,"footnotes":""},"class_list":["post-138","page","type-page","status-publish","hentry"],"acf":[],"jetpack_sharing_enabled":true,"jetpack_shortlink":"https:\/\/wp.me\/P8ZkEI-2e","_links":{"self":[{"href":"https:\/\/demenagementandrebelair.com\/en\/wp-json\/wp\/v2\/pages\/138","targetHints":{"allow":["GET"]}}],"collection":[{"href":"https:\/\/demenagementandrebelair.com\/en\/wp-json\/wp\/v2\/pages"}],"about":[{"href":"https:\/\/demenagementandrebelair.com\/en\/wp-json\/wp\/v2\/types\/page"}],"author":[{"embeddable":true,"href":"https:\/\/demenagementandrebelair.com\/en\/wp-json\/wp\/v2\/users\/1"}],"replies":[{"embeddable":true,"href":"https:\/\/demenagementandrebelair.com\/en\/wp-json\/wp\/v2\/comments?post=138"}],"version-history":[{"count":13,"href":"https:\/\/demenagementandrebelair.com\/en\/wp-json\/wp\/v2\/pages\/138\/revisions"}],"predecessor-version":[{"id":452,"href":"https:\/\/demenagementandrebelair.com\/en\/wp-json\/wp\/v2\/pages\/138\/revisions\/452"}],"wp:attachment":[{"href":"https:\/\/demenagementandrebelair.com\/en\/wp-json\/wp\/v2\/media?parent=138"}],"curies":[{"name":"wp","href":"https:\/\/api.w.org\/{rel}","templated":true}]}}