{"id":160,"date":"2017-03-13T17:10:09","date_gmt":"2017-03-13T17:10:09","guid":{"rendered":"http:\/\/demenagementandrebelair.com\/?page_id=160\/"},"modified":"2017-04-19T12:56:15","modified_gmt":"2017-04-19T12:56:15","slug":"commercial","status":"publish","type":"page","link":"https:\/\/demenagementandrebelair.com\/en\/commercial\/","title":{"rendered":"Commercial"},"content":{"rendered":"<div class=\"wpb-content-wrapper\"><p>[vc_row css_animation=&#8221;&#8221; row_type=&#8221;row&#8221; use_row_as_full_screen_section=&#8221;no&#8221; type=&#8221;grid&#8221; angled_section=&#8221;no&#8221; text_align=&#8221;left&#8221; background_image_as_pattern=&#8221;without_pattern&#8221; padding_top=&#8221;40&#8243; padding_bottom=&#8221;20&#8243;][vc_column][vc_column_text]<\/p>\n<h2><strong>Keep the focus on your business. We take care of your moving.<\/strong><\/h2>\n<p>[\/vc_column_text][\/vc_column][\/vc_row][vc_row css_animation=&#8221;&#8221; row_type=&#8221;row&#8221; use_row_as_full_screen_section=&#8221;no&#8221; type=&#8221;grid&#8221; angled_section=&#8221;no&#8221; text_align=&#8221;left&#8221; background_image_as_pattern=&#8221;without_pattern&#8221; padding_bottom=&#8221;30&#8243;][vc_column width=&#8221;1\/2&#8243;][vc_column_text]<\/p>\n<p>Your company is growing so fast that it requires a new office? Your firm needs a change of scenery? For a professional moving in Gatineau and Outaouais regions, D\u00e9m\u00e9nagement Andr\u00e9 B\u00e9lair is the best choice for a quick and safe service.<\/p>\n<p>To satisfy your specific requirements, our employees are specifically trained for commercial moving. We offer strategic classification and packing services to ease the unpacking. In addition, our technicians are specialized in ergonomic equipment installation. No more time wasted finding different various stakeholders for the moving, the classification, the installation, the packing and the unpacking. With D\u00e9m\u00e9nagement Andr\u00e9 B\u00e9lair you have an expert assigned to every step of your moving process.<\/p>\n<p>With every moving we offer the basic protection value, you can also add the strategic packing and unpacking service, transportation and <a title=\"Entreposage\" href=\"\/?page_id=165\">storage services<\/a> if needed.<\/p>\n<p>Stop waiting, act now! Complete your <a href=\"\/?page_id=223\">quotation request<\/a> today.[\/vc_column_text][\/vc_column][vc_column width=&#8221;1\/2&#8243;][vc_single_image image=&#8221;395&#8243; img_size=&#8221;full&#8221; qode_css_animation=&#8221;&#8221;][\/vc_column][\/vc_row][vc_row css_animation=&#8221;&#8221; row_type=&#8221;row&#8221; use_row_as_full_screen_section=&#8221;no&#8221; type=&#8221;grid&#8221; angled_section=&#8221;no&#8221; text_align=&#8221;left&#8221; background_image_as_pattern=&#8221;without_pattern&#8221; el_id=&#8221;page-bottom&#8221;][vc_column width=&#8221;1\/3&#8243; el_class=&#8221;page-bottom-4&#8243;][vc_column_text]<\/p>\n<h3><a href=\"\/?page_id=200\">Delivery<\/a><\/h3>\n<p>[\/vc_column_text][\/vc_column][vc_column width=&#8221;1\/3&#8243; el_class=&#8221;page-bottom-2&#8243;][vc_column_text]<\/p>\n<h3><a href=\"\/?page_id=165\">Do you need Storage?<\/a><\/h3>\n<p>[\/vc_column_text][\/vc_column][vc_column width=&#8221;1\/3&#8243; el_class=&#8221;page-bottom-3&#8243;][vc_column_text]<\/p>\n<h3><a href=\"\/?page_id=196\">Long Distance<br \/>\nmoving<\/a><\/h3>\n<p>[\/vc_column_text][\/vc_column][\/vc_row]<\/p>\n<\/div>","protected":false},"excerpt":{"rendered":"<p>[vc_row css_animation=&#8221;&#8221; row_type=&#8221;row&#8221; use_row_as_full_screen_section=&#8221;no&#8221; type=&#8221;grid&#8221; angled_section=&#8221;no&#8221; text_align=&#8221;left&#8221; background_image_as_pattern=&#8221;without_pattern&#8221; padding_top=&#8221;40&#8243; padding_bottom=&#8221;20&#8243;][vc_column][vc_column_text] Keep the focus on your business. We take care of your moving. [\/vc_column_text][\/vc_column][\/vc_row][vc_row css_animation=&#8221;&#8221; row_type=&#8221;row&#8221; use_row_as_full_screen_section=&#8221;no&#8221; type=&#8221;grid&#8221; angled_section=&#8221;no&#8221; text_align=&#8221;left&#8221; background_image_as_pattern=&#8221;without_pattern&#8221; padding_bottom=&#8221;30&#8243;][vc_column width=&#8221;1\/2&#8243;][vc_column_text] Your company is growing so fast that it requires a new office? Your&#8230;<\/p>\n","protected":false},"author":1,"featured_media":0,"parent":0,"menu_order":0,"comment_status":"closed","ping_status":"closed","template":"full_width.php","meta":{"_acf_changed":false,"footnotes":""},"class_list":["post-160","page","type-page","status-publish","hentry"],"acf":[],"jetpack_sharing_enabled":true,"jetpack_shortlink":"https:\/\/wp.me\/P8ZkEI-2A","_links":{"self":[{"href":"https:\/\/demenagementandrebelair.com\/en\/wp-json\/wp\/v2\/pages\/160","targetHints":{"allow":["GET"]}}],"collection":[{"href":"https:\/\/demenagementandrebelair.com\/en\/wp-json\/wp\/v2\/pages"}],"about":[{"href":"https:\/\/demenagementandrebelair.com\/en\/wp-json\/wp\/v2\/types\/page"}],"author":[{"embeddable":true,"href":"https:\/\/demenagementandrebelair.com\/en\/wp-json\/wp\/v2\/users\/1"}],"replies":[{"embeddable":true,"href":"https:\/\/demenagementandrebelair.com\/en\/wp-json\/wp\/v2\/comments?post=160"}],"version-history":[{"count":10,"href":"https:\/\/demenagementandrebelair.com\/en\/wp-json\/wp\/v2\/pages\/160\/revisions"}],"predecessor-version":[{"id":455,"href":"https:\/\/demenagementandrebelair.com\/en\/wp-json\/wp\/v2\/pages\/160\/revisions\/455"}],"wp:attachment":[{"href":"https:\/\/demenagementandrebelair.com\/en\/wp-json\/wp\/v2\/media?parent=160"}],"curies":[{"name":"wp","href":"https:\/\/api.w.org\/{rel}","templated":true}]}}