{"id":165,"date":"2017-03-13T15:55:41","date_gmt":"2017-03-13T15:55:41","guid":{"rendered":"http:\/\/demenagementandrebelair.com\/?page_id=165\/"},"modified":"2017-04-19T13:39:56","modified_gmt":"2017-04-19T13:39:56","slug":"storage","status":"publish","type":"page","link":"https:\/\/demenagementandrebelair.com\/en\/storage\/","title":{"rendered":"Storage"},"content":{"rendered":"<div class=\"wpb-content-wrapper\"><p>[vc_row css_animation=&#8221;&#8221; row_type=&#8221;row&#8221; use_row_as_full_screen_section=&#8221;no&#8221; type=&#8221;grid&#8221; angled_section=&#8221;no&#8221; text_align=&#8221;left&#8221; background_image_as_pattern=&#8221;without_pattern&#8221; el_id=&#8221;template-simple&#8221;][vc_column width=&#8221;1\/2&#8243;][vc_column_text]<\/p>\n<h2><strong>Storage Solutions<\/strong><\/h2>\n<p>If you are looking for a place to store your goods, regardless of their content and type, in Gatineau or Outaouais, D\u00e9m\u00e9nagement Andr\u00e9 B\u00e9lair owns facilities to satisfy all.<\/p>\n<p>You can chose to use our basic storage service located in a fully safe environment at an affordable cost. You can also choose the best protection according to your requirements.<\/p>\n<p>For our customers with more specific needs, our high-volume warehouse in a controlled and protected environment is the preferred solution. In theses premises, the temperature and the degree of humidity are mechanically controlled. Moreover, an effective sprinklers system is installed in every storage room to meet the highest safety standards. In order to protect your goods, our employees carefully packed your items before storing them in sealed wooden boxes, ensuring maximum protection.<\/p>\n<p>Every year, our storehouses are inspected and certified by federal and Quebec governments, ensuring at D\u00e9m\u00e9nagement Andr\u00e9 B\u00e9lair a high-quality establishment.<\/p>\n<p>Contact us for more information.[\/vc_column_text][\/vc_column][vc_column width=&#8221;1\/2&#8243;][vc_single_image image=&#8221;403&#8243; img_size=&#8221;full&#8221; qode_css_animation=&#8221;&#8221;][vc_single_image image=&#8221;409&#8243; img_size=&#8221;full&#8221; qode_css_animation=&#8221;&#8221;][\/vc_column][\/vc_row]<\/p>\n<\/div>","protected":false},"excerpt":{"rendered":"<p>[vc_row css_animation=&#8221;&#8221; row_type=&#8221;row&#8221; use_row_as_full_screen_section=&#8221;no&#8221; type=&#8221;grid&#8221; angled_section=&#8221;no&#8221; text_align=&#8221;left&#8221; background_image_as_pattern=&#8221;without_pattern&#8221; el_id=&#8221;template-simple&#8221;][vc_column width=&#8221;1\/2&#8243;][vc_column_text] Storage Solutions If you are looking for a place to store your goods, regardless of their content and type, in Gatineau or Outaouais, D\u00e9m\u00e9nagement Andr\u00e9 B\u00e9lair owns facilities to satisfy all. You can chose to&#8230;<\/p>\n","protected":false},"author":1,"featured_media":0,"parent":0,"menu_order":0,"comment_status":"closed","ping_status":"closed","template":"full_width.php","meta":{"_acf_changed":false,"footnotes":""},"class_list":["post-165","page","type-page","status-publish","hentry"],"acf":[],"jetpack_sharing_enabled":true,"jetpack_shortlink":"https:\/\/wp.me\/P8ZkEI-2F","_links":{"self":[{"href":"https:\/\/demenagementandrebelair.com\/en\/wp-json\/wp\/v2\/pages\/165","targetHints":{"allow":["GET"]}}],"collection":[{"href":"https:\/\/demenagementandrebelair.com\/en\/wp-json\/wp\/v2\/pages"}],"about":[{"href":"https:\/\/demenagementandrebelair.com\/en\/wp-json\/wp\/v2\/types\/page"}],"author":[{"embeddable":true,"href":"https:\/\/demenagementandrebelair.com\/en\/wp-json\/wp\/v2\/users\/1"}],"replies":[{"embeddable":true,"href":"https:\/\/demenagementandrebelair.com\/en\/wp-json\/wp\/v2\/comments?post=165"}],"version-history":[{"count":6,"href":"https:\/\/demenagementandrebelair.com\/en\/wp-json\/wp\/v2\/pages\/165\/revisions"}],"predecessor-version":[{"id":465,"href":"https:\/\/demenagementandrebelair.com\/en\/wp-json\/wp\/v2\/pages\/165\/revisions\/465"}],"wp:attachment":[{"href":"https:\/\/demenagementandrebelair.com\/en\/wp-json\/wp\/v2\/media?parent=165"}],"curies":[{"name":"wp","href":"https:\/\/api.w.org\/{rel}","templated":true}]}}