{"id":208,"date":"2017-03-13T17:57:38","date_gmt":"2017-03-13T17:57:38","guid":{"rendered":"http:\/\/demenagementandrebelair.com\/?page_id=208\/"},"modified":"2017-04-19T13:01:05","modified_gmt":"2017-04-19T13:01:05","slug":"solution-seniors","status":"publish","type":"page","link":"https:\/\/demenagementandrebelair.com\/en\/solution-seniors\/","title":{"rendered":"Solution for seniors"},"content":{"rendered":"<div class=\"wpb-content-wrapper\"><p>[vc_row css_animation=&#8221;&#8221; row_type=&#8221;row&#8221; use_row_as_full_screen_section=&#8221;no&#8221; type=&#8221;grid&#8221; angled_section=&#8221;no&#8221; text_align=&#8221;left&#8221; background_image_as_pattern=&#8221;without_pattern&#8221; padding_top=&#8221;40&#8243; padding_bottom=&#8221;20&#8243;][vc_column][vc_column_text]<\/p>\n<h2><strong>Stress free. We take care of your\u00a0home move.<\/strong><\/h2>\n<p>[\/vc_column_text][\/vc_column][\/vc_row][vc_row css_animation=&#8221;&#8221; row_type=&#8221;row&#8221; use_row_as_full_screen_section=&#8221;no&#8221; type=&#8221;grid&#8221; angled_section=&#8221;no&#8221; text_align=&#8221;left&#8221; background_image_as_pattern=&#8221;without_pattern&#8221; padding_bottom=&#8221;30&#8243;][vc_column width=&#8221;1\/2&#8243;][vc_column_text]Transition between your house and a retirement residence is an important milestone. Making the choice to move is not a simple decision. It\u2019s important to pick out the appropriate moving company because it will determine your stress level on the big day. Once your choice is make, don\u2019t let your move in any company\u2019s hands but ours.<\/p>\n<p>Lift a weight off your shoulders by choosing D\u00e9m\u00e9nagement Andr\u00e9 B\u00e9lair. We are the optimum choice for every senior residence move in both Quebec or Ontario shores\u2019 region. Indeed, 50% of seniors who chose to move were referred by our partners in residencies in Outaouais and Ontario.<\/p>\n<p>Our experts will carefully plan all aspects of your move. From packing to installation, including transportation, our team of qualified movers takes care of everything. So, you can enjoy your new home without worrying about technical matters.<\/p>\n<p><strong>To thank you for your confidence, we offer to every senior relocating to a residency a reduced rate on your moving inside or outside Outaouais region.<\/strong><\/p>\n<p>[\/vc_column_text][\/vc_column][vc_column width=&#8221;1\/2&#8243;][vc_single_image image=&#8221;397&#8243; img_size=&#8221;full&#8221; qode_css_animation=&#8221;&#8221;][\/vc_column][\/vc_row][vc_row css_animation=&#8221;&#8221; row_type=&#8221;row&#8221; use_row_as_full_screen_section=&#8221;no&#8221; type=&#8221;grid&#8221; angled_section=&#8221;no&#8221; text_align=&#8221;left&#8221; background_image_as_pattern=&#8221;without_pattern&#8221; el_id=&#8221;page-bottom&#8221;][vc_column width=&#8221;1\/3&#8243; el_class=&#8221;page-bottom-1&#8243;][vc_column_text]<\/p>\n<h3><a href=\"\/?page_id=223\">To suit all budgets<\/a><\/h3>\n<p>[\/vc_column_text][\/vc_column][vc_column width=&#8221;1\/3&#8243; el_class=&#8221;page-bottom-2&#8243;][vc_column_text]<\/p>\n<h3><a href=\"\/?page_id=165\">Do you need Storage?<\/a><\/h3>\n<p>[\/vc_column_text][\/vc_column][vc_column width=&#8221;1\/3&#8243; el_class=&#8221;page-bottom-3&#8243;][vc_column_text]<\/p>\n<h3><a href=\"\/?page_id=196\">Long Distance<br \/>\nmoving<\/a><\/h3>\n<p>[\/vc_column_text][\/vc_column][\/vc_row]<\/p>\n<\/div>","protected":false},"excerpt":{"rendered":"<p>[vc_row css_animation=&#8221;&#8221; row_type=&#8221;row&#8221; use_row_as_full_screen_section=&#8221;no&#8221; type=&#8221;grid&#8221; angled_section=&#8221;no&#8221; text_align=&#8221;left&#8221; background_image_as_pattern=&#8221;without_pattern&#8221; padding_top=&#8221;40&#8243; padding_bottom=&#8221;20&#8243;][vc_column][vc_column_text] Stress free. We take care of your\u00a0home move. [\/vc_column_text][\/vc_column][\/vc_row][vc_row css_animation=&#8221;&#8221; row_type=&#8221;row&#8221; use_row_as_full_screen_section=&#8221;no&#8221; type=&#8221;grid&#8221; angled_section=&#8221;no&#8221; text_align=&#8221;left&#8221; background_image_as_pattern=&#8221;without_pattern&#8221; padding_bottom=&#8221;30&#8243;][vc_column width=&#8221;1\/2&#8243;][vc_column_text]Transition between your house and a retirement residence is an important milestone. Making the choice to move is&#8230;<\/p>\n","protected":false},"author":1,"featured_media":0,"parent":0,"menu_order":0,"comment_status":"closed","ping_status":"closed","template":"full_width.php","meta":{"_acf_changed":false,"footnotes":""},"class_list":["post-208","page","type-page","status-publish","hentry"],"acf":[],"jetpack_sharing_enabled":true,"jetpack_shortlink":"https:\/\/wp.me\/P8ZkEI-3m","_links":{"self":[{"href":"https:\/\/demenagementandrebelair.com\/en\/wp-json\/wp\/v2\/pages\/208","targetHints":{"allow":["GET"]}}],"collection":[{"href":"https:\/\/demenagementandrebelair.com\/en\/wp-json\/wp\/v2\/pages"}],"about":[{"href":"https:\/\/demenagementandrebelair.com\/en\/wp-json\/wp\/v2\/types\/page"}],"author":[{"embeddable":true,"href":"https:\/\/demenagementandrebelair.com\/en\/wp-json\/wp\/v2\/users\/1"}],"replies":[{"embeddable":true,"href":"https:\/\/demenagementandrebelair.com\/en\/wp-json\/wp\/v2\/comments?post=208"}],"version-history":[{"count":9,"href":"https:\/\/demenagementandrebelair.com\/en\/wp-json\/wp\/v2\/pages\/208\/revisions"}],"predecessor-version":[{"id":457,"href":"https:\/\/demenagementandrebelair.com\/en\/wp-json\/wp\/v2\/pages\/208\/revisions\/457"}],"wp:attachment":[{"href":"https:\/\/demenagementandrebelair.com\/en\/wp-json\/wp\/v2\/media?parent=208"}],"curies":[{"name":"wp","href":"https:\/\/api.w.org\/{rel}","templated":true}]}}